{"id":11,"date":"2021-02-21T23:54:21","date_gmt":"2021-02-21T23:54:21","guid":{"rendered":"https:\/\/www.ftdconsult.cz\/?page_id=11"},"modified":"2021-05-05T13:12:18","modified_gmt":"2021-05-05T13:12:18","slug":"main-page","status":"publish","type":"page","link":"https:\/\/www.ftdconsult.cz\/","title":{"rendered":"Main page"},"content":{"rendered":"\t\t<div data-elementor-type=\"wp-page\" data-elementor-id=\"11\" class=\"elementor elementor-11\" data-elementor-settings=\"[]\">\n\t\t\t\t\t\t<div class=\"elementor-inner\">\n\t\t\t\t\t\t\t<div class=\"elementor-section-wrap\">\n\t\t\t\t\t\t\t<section class=\"elementor-section elementor-top-section elementor-element elementor-element-d01543e elementor-section-full_width elementor-section-height-min-height elementor-section-stretched elementor-section-height-default elementor-section-items-middle\" data-id=\"d01543e\" data-element_type=\"section\" data-settings=\"{&quot;stretch_section&quot;:&quot;section-stretched&quot;,&quot;background_background&quot;:&quot;classic&quot;}\">\n\t\t\t\t\t\t\t<div class=\"elementor-background-overlay\"><\/div>\n\t\t\t\t\t\t\t<div class=\"elementor-container elementor-column-gap-default\">\n\t\t\t\t\t\t\t<div class=\"elementor-row\">\n\t\t\t\t\t<div class=\"elementor-column elementor-col-100 elementor-top-column elementor-element elementor-element-fced5e1\" data-id=\"fced5e1\" data-element_type=\"column\">\n\t\t\t<div class=\"elementor-column-wrap elementor-element-populated\">\n\t\t\t\t\t\t\t<div class=\"elementor-widget-wrap\">\n\t\t\t\t\t\t<div class=\"elementor-element elementor-element-af63999 elementor-widget elementor-widget-text-editor\" data-id=\"af63999\" data-element_type=\"widget\" data-widget_type=\"text-editor.default\">\n\t\t\t\t<div class=\"elementor-widget-container\">\n\t\t\t\t\t<div class=\"elementor-text-editor elementor-clearfix\"><p><img decoding=\"async\" loading=\"lazy\" class=\"alignnone size-full wp-image-26 aligncenter\" src=\"https:\/\/www.ftdconsult.cz\/wp-content\/uploads\/2021\/02\/logo.png\" alt=\"\" width=\"147\" height=\"147\" \/><\/p><\/div>\n\t\t\t\t<\/div>\n\t\t\t\t<\/div>\n\t\t\t\t\t\t<\/div>\n\t\t\t\t\t<\/div>\n\t\t<\/div>\n\t\t\t\t\t\t\t\t<\/div>\n\t\t\t\t\t<\/div>\n\t\t<\/section>\n\t\t\t\t<section class=\"elementor-section elementor-top-section elementor-element elementor-element-63f543f elementor-section-boxed elementor-section-height-default elementor-section-height-default\" data-id=\"63f543f\" data-element_type=\"section\">\n\t\t\t\t\t\t<div class=\"elementor-container elementor-column-gap-default\">\n\t\t\t\t\t\t\t<div class=\"elementor-row\">\n\t\t\t\t\t<div class=\"elementor-column elementor-col-33 elementor-top-column elementor-element elementor-element-d6f37fb\" data-id=\"d6f37fb\" data-element_type=\"column\">\n\t\t\t<div class=\"elementor-column-wrap elementor-element-populated\">\n\t\t\t\t\t\t\t<div class=\"elementor-widget-wrap\">\n\t\t\t\t\t\t<div class=\"elementor-element elementor-element-7bcc693 elementor-widget elementor-widget-text-editor\" data-id=\"7bcc693\" data-element_type=\"widget\" data-widget_type=\"text-editor.default\">\n\t\t\t\t<div class=\"elementor-widget-container\">\n\t\t\t\t\t<div class=\"elementor-text-editor elementor-clearfix\"><h2 style=\"text-align: center;\">ZPRACOV\u00c1N\u00cd \u00da\u010cETNICTV\u00cd\u00a0<\/h2><p style=\"text-align: justify;\">Jsme profesion\u00e1lov\u00e9 a na\u0161i experti V\u00e1m odborn\u011b zpracuj\u00ed Va\u0161e \u00fa\u010detnictv\u00ed a mzdy. Na\u0161\u00edm c\u00edlem je pomoc klient\u016fm optimalizovat dan\u011b tak, aby neplatili v\u00edce ne\u017e je nutn\u00e9. Z\u00e1rove\u0148 Z\u00e1rove\u0148 se orientujeme ve v\u0161ech \u00fa\u0159edn\u00edch z\u00e1le\u017eitostech, tak\u017ee Vy m\u00e1te \u010das na sv\u00e9 podnik\u00e1n\u00ed.<\/p><ul><li style=\"text-align: justify;\">\u00da\u010detn\u00ed a da\u0148ov\u00e9 konzultace<\/li><li style=\"text-align: justify;\">Zpracov\u00e1n\u00ed p\u0159izn\u00e1n\u00ed k DPFO, DPPO, zpracov\u00e1n\u00ed m\u011bs\u00ed\u010dn\u00edch \u010di \u010dtvrtletn\u00edch p\u0159izn\u00e1n\u00ed k DPH, silni\u010dn\u00ed dani<\/li><li style=\"text-align: justify;\">Zpracov\u00e1n\u00ed \u00fa\u010detn\u00ed z\u00e1v\u011brky<\/li><li style=\"text-align: justify;\">Pomoc p\u0159i za\u010d\u00e1tku podnik\u00e1n\u00ed<\/li><li style=\"text-align: justify;\">Metodick\u00fd dozor a konzultace a pomoc p\u0159i \u0159e\u0161en\u00ed vznikaj\u00edc\u00edch probl\u00e9m\u016f<\/li><li style=\"text-align: justify;\">Zpracov\u00e1n\u00ed statistick\u00fdch v\u00fdkaz\u016f<\/li><li style=\"text-align: justify;\">Zpracov\u00e1n\u00ed \u017e\u00e1dost\u00ed v\u016f\u010di finan\u010dn\u00edmu \u00fa\u0159adu, celn\u00edmu \u00fa\u0159adu<\/li><li style=\"text-align: justify;\">Konzultace po telefonu i emailem<\/li><\/ul><\/div>\n\t\t\t\t<\/div>\n\t\t\t\t<\/div>\n\t\t\t\t\t\t<\/div>\n\t\t\t\t\t<\/div>\n\t\t<\/div>\n\t\t\t\t<div class=\"elementor-column elementor-col-33 elementor-top-column elementor-element elementor-element-eedf66b\" data-id=\"eedf66b\" data-element_type=\"column\">\n\t\t\t<div class=\"elementor-column-wrap elementor-element-populated\">\n\t\t\t\t\t\t\t<div class=\"elementor-widget-wrap\">\n\t\t\t\t\t\t<div class=\"elementor-element elementor-element-7846aa2 elementor-widget elementor-widget-text-editor\" data-id=\"7846aa2\" data-element_type=\"widget\" data-widget_type=\"text-editor.default\">\n\t\t\t\t<div class=\"elementor-widget-container\">\n\t\t\t\t\t<div class=\"elementor-text-editor elementor-clearfix\"><h2 style=\"text-align: center;\">DA\u0147OV\u00c1 EVIDENCE<\/h2><p style=\"text-align: justify;\">Da\u0148ov\u00e1 evidence je pro podnikatele, kte\u0159\u00ed nejsou \u00fa\u010detn\u00ed jednotkou (ve smyslu Z\u00e1kona o\u00a0\u00fa\u010detnictv\u00ed \u010d. 563\/91 Sb) a\u00a0cht\u011bj\u00ed uplatnit skute\u010dn\u00e9 v\u00fddaje, nikoliv pau\u0161\u00e1lem. Da\u0148ov\u00e1 evidence slou\u017e\u00ed nejen k v\u00fdpo\u010dtu dan\u011b z p\u0159\u00edjmu, ale tak\u00e9 poskytne spolehliv\u00fd p\u0159ehled o va\u0161ich financ\u00edch.<\/p><p style=\"text-align: justify;\">D\u00edky n\u00e1mi zpracovan\u00e9 da\u0148ov\u00e9 evidenci m\u016f\u017eete udr\u017eet V\u00e1\u0161 podnik ekonomicky zdrav\u00ed a prosperuj\u00edc\u00ed. Sv\u011b\u0159te proto sv\u00e9 podnik\u00e1n\u00ed na\u0161im specialist\u016fm a u\u0161et\u0159\u00edte \u010das i pen\u00edze.<\/p><\/div>\n\t\t\t\t<\/div>\n\t\t\t\t<\/div>\n\t\t\t\t\t\t<\/div>\n\t\t\t\t\t<\/div>\n\t\t<\/div>\n\t\t\t\t<div class=\"elementor-column elementor-col-33 elementor-top-column elementor-element elementor-element-c594adf\" data-id=\"c594adf\" data-element_type=\"column\">\n\t\t\t<div class=\"elementor-column-wrap elementor-element-populated\">\n\t\t\t\t\t\t\t<div class=\"elementor-widget-wrap\">\n\t\t\t\t\t\t<div class=\"elementor-element elementor-element-08f8ec6 elementor-widget elementor-widget-text-editor\" data-id=\"08f8ec6\" data-element_type=\"widget\" data-widget_type=\"text-editor.default\">\n\t\t\t\t<div class=\"elementor-widget-container\">\n\t\t\t\t\t<div class=\"elementor-text-editor elementor-clearfix\"><h2 style=\"text-align: center;\">PORADENSTV\u00cd PRO ZA\u010c\u00cdNAJ\u00cdC\u00cd PODNIKATEL<\/h2><p style=\"text-align: justify;\">Podnik\u00e1n\u00ed nen\u00ed jednoduch\u00e1 z\u00e1le\u017eitost a je jasn\u00e9, \u017ee hlavn\u011b v za\u010d\u00e1tc\u00edch nem\u016f\u017ee ka\u017ed\u00fd v\u0161emu rozum\u011bt. Proto nab\u00edz\u00edme na\u0161e bohat\u00e9 zku\u0161enosti v oblasti managementu, pr\u00e1vn\u00ed poradny, tvorby smluv \u010di komunikace s \u00fa\u0159ady. Vyu\u017eijte na\u0161e bohat\u00e9 zku\u0161enosti pro rozvoj a raketov\u00fd r\u016fst va\u0161eho podnik\u00e1n\u00ed.<\/p><ul><li style=\"text-align: justify;\">finan\u010dn\u00ed \u0159\u00edzen\u00ed firmy<\/li><li style=\"text-align: justify;\">tvorba strategie firmy<\/li><li style=\"text-align: justify;\">tvorba proces\u016f a automatizace<\/li><li style=\"text-align: justify;\">veden\u00ed a \u0159\u00edzen\u00ed lid\u00ed, HR, hiring<\/li><li style=\"text-align: justify;\">bankovn\u00ed i nebankovn\u00ed financov\u00e1n\u00ed firmy<\/li><\/ul><\/div>\n\t\t\t\t<\/div>\n\t\t\t\t<\/div>\n\t\t\t\t\t\t<\/div>\n\t\t\t\t\t<\/div>\n\t\t<\/div>\n\t\t\t\t\t\t\t\t<\/div>\n\t\t\t\t\t<\/div>\n\t\t<\/section>\n\t\t\t\t<section class=\"elementor-section elementor-top-section elementor-element elementor-element-4b9b57c elementor-section-boxed elementor-section-height-default elementor-section-height-default\" data-id=\"4b9b57c\" data-element_type=\"section\">\n\t\t\t\t\t\t<div class=\"elementor-container elementor-column-gap-default\">\n\t\t\t\t\t\t\t<div class=\"elementor-row\">\n\t\t\t\t\t<div class=\"elementor-column elementor-col-50 elementor-top-column elementor-element elementor-element-0db7aa2\" data-id=\"0db7aa2\" data-element_type=\"column\">\n\t\t\t<div class=\"elementor-column-wrap elementor-element-populated\">\n\t\t\t\t\t\t\t<div class=\"elementor-widget-wrap\">\n\t\t\t\t\t\t<div class=\"elementor-element elementor-element-9250103 elementor-widget elementor-widget-text-editor\" data-id=\"9250103\" data-element_type=\"widget\" data-widget_type=\"text-editor.default\">\n\t\t\t\t<div class=\"elementor-widget-container\">\n\t\t\t\t\t<div class=\"elementor-text-editor elementor-clearfix\"><h2 style=\"text-align: center;\">PR\u00c1VN\u00cd PORADENSTV\u00cd<\/h2><p style=\"text-align: justify;\">Pokud hled\u00e1te n\u011bkoho, kdo v\u00e1m porad\u00ed s tvorbou smluv a legislativn\u00edch dokument\u016f, ale nechce ty si naj\u00edmat drahou advok\u00e1tn\u00ed kancel\u00e1\u0159, jsme pro v\u00e1s tou pravou volbou. Pom\u016f\u017eeme v\u00e1m naj\u00edt rychl\u00e9 a funk\u010dn\u00ed \u0159e\u0161en\u00ed ka\u017ed\u00e9ho probl\u00e9mu a z\u00e1rove\u0148 d\u00edky v\u00fdborn\u011b vypracovan\u00fdm smlouv\u00e1m a dokument\u016fm \u0159ad\u011b probl\u00e9m\u016f m\u016f\u017eete p\u0159edch\u00e1zet.\u00a0<\/p><p style=\"text-align: justify;\">M\u016f\u017eeme poskytnout jak jednor\u00e1zov\u00e9 slu\u017eby p\u0159i p\u0159\u00edprav\u011b smluvn\u00ed dokumentace, tak i dlouhodob\u00fd pravideln\u00fd pr\u00e1vn\u00ed servis za velice v\u00fdhodn\u00e9 ceny. Vyu\u017e\u00edt m\u016f\u017eete na\u0161e slu\u017eby i pro aktualizaci ji\u017e existuj\u00edc\u00edch dokument\u016f tak, aby odpov\u00eddali st\u00e1le se m\u011bn\u00edc\u00ed legislativ\u011b. Nejd\u016fle\u017eit\u011bj\u0161\u00ed je pro n\u00e1s spokojen\u00fd klient a jeho z\u00e1jmy.\u00a0<\/p><\/div>\n\t\t\t\t<\/div>\n\t\t\t\t<\/div>\n\t\t\t\t\t\t<\/div>\n\t\t\t\t\t<\/div>\n\t\t<\/div>\n\t\t\t\t<div class=\"elementor-column elementor-col-50 elementor-top-column elementor-element elementor-element-46e95e0\" data-id=\"46e95e0\" data-element_type=\"column\">\n\t\t\t<div class=\"elementor-column-wrap elementor-element-populated\">\n\t\t\t\t\t\t\t<div class=\"elementor-widget-wrap\">\n\t\t\t\t\t\t<div class=\"elementor-element elementor-element-63e65c1 elementor-widget elementor-widget-text-editor\" data-id=\"63e65c1\" data-element_type=\"widget\" data-widget_type=\"text-editor.default\">\n\t\t\t\t<div class=\"elementor-widget-container\">\n\t\t\t\t\t<div class=\"elementor-text-editor elementor-clearfix\"><h2 style=\"text-align: center;\">P\u0158EKLADY A TLUMO\u010cEN\u00cd<\/h2><p style=\"text-align: justify;\"><span style=\"color: #808080;\">Pokud jste se rozhodli sv\u016fj business expandovat za hranice na\u0161\u00ed zem\u011b, budete pot\u0159ebovat p\u0159elo\u017eit va\u0161i smlouvu do anglick\u00e9ho jazyka a v n\u011bkter\u00fdch p\u0159\u00edpadech i slu\u017eby tlumo\u010dn\u00edka do anglick\u00e9ho jazyka. Na\u0161e spole\u010dnost se m\u016f\u017ee pochlubit poskytov\u00e1n\u00edm obou slu\u017eeb na profesion\u00e1ln\u00ed \u00farovni. P\u0159enechte n\u00e1m sv\u00e9 starosti se zahrani\u010dn\u00edmi klienty, o v\u0161e se r\u00e1di postar\u00e1me.<\/span><\/p><\/div>\n\t\t\t\t<\/div>\n\t\t\t\t<\/div>\n\t\t\t\t\t\t<\/div>\n\t\t\t\t\t<\/div>\n\t\t<\/div>\n\t\t\t\t\t\t\t\t<\/div>\n\t\t\t\t\t<\/div>\n\t\t<\/section>\n\t\t\t\t<section class=\"elementor-section elementor-top-section elementor-element elementor-element-4e9f812 elementor-section-boxed elementor-section-height-default elementor-section-height-default\" data-id=\"4e9f812\" data-element_type=\"section\">\n\t\t\t\t\t\t<div class=\"elementor-container elementor-column-gap-default\">\n\t\t\t\t\t\t\t<div class=\"elementor-row\">\n\t\t\t\t\t<div class=\"elementor-column elementor-col-100 elementor-top-column elementor-element elementor-element-41fab8d\" data-id=\"41fab8d\" data-element_type=\"column\">\n\t\t\t<div class=\"elementor-column-wrap elementor-element-populated\">\n\t\t\t\t\t\t\t<div class=\"elementor-widget-wrap\">\n\t\t\t\t\t\t<div class=\"elementor-element elementor-element-4a75e88 elementor-widget elementor-widget-divider\" data-id=\"4a75e88\" data-element_type=\"widget\" data-widget_type=\"divider.default\">\n\t\t\t\t<div class=\"elementor-widget-container\">\n\t\t\t\t\t<div class=\"elementor-divider\">\n\t\t\t<span class=\"elementor-divider-separator\">\n\t\t\t\t\t\t<\/span>\n\t\t<\/div>\n\t\t\t\t<\/div>\n\t\t\t\t<\/div>\n\t\t\t\t\t\t<\/div>\n\t\t\t\t\t<\/div>\n\t\t<\/div>\n\t\t\t\t\t\t\t\t<\/div>\n\t\t\t\t\t<\/div>\n\t\t<\/section>\n\t\t\t\t<section class=\"elementor-section elementor-top-section elementor-element elementor-element-d1b9cc6 elementor-section-boxed elementor-section-height-default elementor-section-height-default elementor-invisible\" data-id=\"d1b9cc6\" data-element_type=\"section\" data-settings=\"{&quot;animation&quot;:&quot;fadeIn&quot;}\">\n\t\t\t\t\t\t<div class=\"elementor-container elementor-column-gap-default\">\n\t\t\t\t\t\t\t<div class=\"elementor-row\">\n\t\t\t\t\t<div class=\"elementor-column elementor-col-100 elementor-top-column elementor-element elementor-element-b518a2e\" data-id=\"b518a2e\" data-element_type=\"column\">\n\t\t\t<div class=\"elementor-column-wrap elementor-element-populated\">\n\t\t\t\t\t\t\t<div class=\"elementor-widget-wrap\">\n\t\t\t\t\t\t<div class=\"elementor-element elementor-element-978c8fe elementor-widget elementor-widget-counter\" data-id=\"978c8fe\" data-element_type=\"widget\" data-widget_type=\"counter.default\">\n\t\t\t\t<div class=\"elementor-widget-container\">\n\t\t\t\t\t<div class=\"elementor-counter\">\n\t\t\t<div class=\"elementor-counter-number-wrapper\">\n\t\t\t\t<span class=\"elementor-counter-number-prefix\"><\/span>\n\t\t\t\t<span class=\"elementor-counter-number\" data-duration=\"2000\" data-to-value=\"13\" data-from-value=\"0\" data-delimiter=\",\">0<\/span>\n\t\t\t\t<span class=\"elementor-counter-number-suffix\"><\/span>\n\t\t\t<\/div>\n\t\t\t\t\t\t\t<div class=\"elementor-counter-title\">LET ZKU\u0160ENOST\u00cd<\/div>\n\t\t\t\t\t<\/div>\n\t\t\t\t<\/div>\n\t\t\t\t<\/div>\n\t\t\t\t\t\t<\/div>\n\t\t\t\t\t<\/div>\n\t\t<\/div>\n\t\t\t\t\t\t\t\t<\/div>\n\t\t\t\t\t<\/div>\n\t\t<\/section>\n\t\t\t\t<section class=\"elementor-section elementor-top-section elementor-element elementor-element-c28985a elementor-section-boxed elementor-section-height-default elementor-section-height-default\" data-id=\"c28985a\" data-element_type=\"section\">\n\t\t\t\t\t\t<div class=\"elementor-container elementor-column-gap-default\">\n\t\t\t\t\t\t\t<div class=\"elementor-row\">\n\t\t\t\t\t<div class=\"elementor-column elementor-col-100 elementor-top-column elementor-element elementor-element-cc8d9e2\" data-id=\"cc8d9e2\" data-element_type=\"column\">\n\t\t\t<div class=\"elementor-column-wrap elementor-element-populated\">\n\t\t\t\t\t\t\t<div class=\"elementor-widget-wrap\">\n\t\t\t\t\t\t<div class=\"elementor-element elementor-element-4706b09 elementor-widget elementor-widget-divider\" data-id=\"4706b09\" data-element_type=\"widget\" data-widget_type=\"divider.default\">\n\t\t\t\t<div class=\"elementor-widget-container\">\n\t\t\t\t\t<div class=\"elementor-divider\">\n\t\t\t<span class=\"elementor-divider-separator\">\n\t\t\t\t\t\t<\/span>\n\t\t<\/div>\n\t\t\t\t<\/div>\n\t\t\t\t<\/div>\n\t\t\t\t\t\t<\/div>\n\t\t\t\t\t<\/div>\n\t\t<\/div>\n\t\t\t\t\t\t\t\t<\/div>\n\t\t\t\t\t<\/div>\n\t\t<\/section>\n\t\t\t\t<section class=\"elementor-section elementor-top-section elementor-element elementor-element-b583318 elementor-section-boxed elementor-section-height-default elementor-section-height-default elementor-invisible\" data-id=\"b583318\" data-element_type=\"section\" id=\"kontakt\" data-settings=\"{&quot;animation&quot;:&quot;fadeIn&quot;}\">\n\t\t\t\t\t\t<div class=\"elementor-container elementor-column-gap-default\">\n\t\t\t\t\t\t\t<div class=\"elementor-row\">\n\t\t\t\t\t<div class=\"elementor-column elementor-col-100 elementor-top-column elementor-element elementor-element-fa1e2d0\" data-id=\"fa1e2d0\" data-element_type=\"column\">\n\t\t\t<div class=\"elementor-column-wrap elementor-element-populated\">\n\t\t\t\t\t\t\t<div class=\"elementor-widget-wrap\">\n\t\t\t\t\t\t<div class=\"elementor-element elementor-element-95299bb elementor-widget elementor-widget-heading\" data-id=\"95299bb\" data-element_type=\"widget\" data-widget_type=\"heading.default\">\n\t\t\t\t<div class=\"elementor-widget-container\">\n\t\t\t<h2 class=\"elementor-heading-title elementor-size-default\">KONTAKTUJTE N\u00c1S<\/h2>\t\t<\/div>\n\t\t\t\t<\/div>\n\t\t\t\t\t\t<\/div>\n\t\t\t\t\t<\/div>\n\t\t<\/div>\n\t\t\t\t\t\t\t\t<\/div>\n\t\t\t\t\t<\/div>\n\t\t<\/section>\n\t\t\t\t<section class=\"elementor-section elementor-top-section elementor-element elementor-element-0c692aa elementor-section-boxed elementor-section-height-default elementor-section-height-default\" data-id=\"0c692aa\" data-element_type=\"section\">\n\t\t\t\t\t\t<div class=\"elementor-container elementor-column-gap-default\">\n\t\t\t\t\t\t\t<div class=\"elementor-row\">\n\t\t\t\t\t<div class=\"elementor-column elementor-col-25 elementor-top-column elementor-element elementor-element-3aa8273\" data-id=\"3aa8273\" data-element_type=\"column\">\n\t\t\t<div class=\"elementor-column-wrap\">\n\t\t\t\t\t\t\t<div class=\"elementor-widget-wrap\">\n\t\t\t\t\t\t\t\t<\/div>\n\t\t\t\t\t<\/div>\n\t\t<\/div>\n\t\t\t\t<div class=\"elementor-column elementor-col-50 elementor-top-column elementor-element elementor-element-1eaef85\" data-id=\"1eaef85\" data-element_type=\"column\">\n\t\t\t<div class=\"elementor-column-wrap elementor-element-populated\">\n\t\t\t\t\t\t\t<div class=\"elementor-widget-wrap\">\n\t\t\t\t\t\t<div class=\"elementor-element elementor-element-2d7b284 elementor-widget elementor-widget-shortcode\" data-id=\"2d7b284\" data-element_type=\"widget\" data-widget_type=\"shortcode.default\">\n\t\t\t\t<div class=\"elementor-widget-container\">\n\t\t\t\t\t<div class=\"elementor-shortcode\">\n<div class=\"wpcf7 no-js\" id=\"wpcf7-f33-o1\" lang=\"cs-CZ\" dir=\"ltr\">\n<div class=\"screen-reader-response\"><p role=\"status\" aria-live=\"polite\" aria-atomic=\"true\"><\/p> <ul><\/ul><\/div>\n<form action=\"\/index.php\/wp-json\/wp\/v2\/pages\/11#wpcf7-f33-o1\" method=\"post\" class=\"wpcf7-form init\" aria-label=\"Kontaktn\u00ed formul\u00e1\u0159\" novalidate=\"novalidate\" data-status=\"init\">\n<div style=\"display: none;\">\n<input type=\"hidden\" name=\"_wpcf7\" value=\"33\" \/>\n<input type=\"hidden\" name=\"_wpcf7_version\" value=\"5.8.7\" \/>\n<input type=\"hidden\" name=\"_wpcf7_locale\" value=\"cs_CZ\" \/>\n<input type=\"hidden\" name=\"_wpcf7_unit_tag\" value=\"wpcf7-f33-o1\" \/>\n<input type=\"hidden\" name=\"_wpcf7_container_post\" value=\"0\" \/>\n<input type=\"hidden\" name=\"_wpcf7_posted_data_hash\" value=\"\" \/>\n<\/div>\n<p><label> Va\u0161e jm\u00e9no<br \/>\n<span class=\"wpcf7-form-control-wrap\" data-name=\"your-name\"><input size=\"40\" class=\"wpcf7-form-control wpcf7-text wpcf7-validates-as-required\" aria-required=\"true\" aria-invalid=\"false\" value=\"\" type=\"text\" name=\"your-name\" \/><\/span> <\/label>\n<\/p>\n<p><label> V\u00e1\u0161 e-mail<br \/>\n<span class=\"wpcf7-form-control-wrap\" data-name=\"your-email\"><input size=\"40\" class=\"wpcf7-form-control wpcf7-email wpcf7-validates-as-required wpcf7-text wpcf7-validates-as-email\" aria-required=\"true\" aria-invalid=\"false\" value=\"\" type=\"email\" name=\"your-email\" \/><\/span> <\/label>\n<\/p>\n<p><label> P\u0159edm\u011bt<br \/>\n<span class=\"wpcf7-form-control-wrap\" data-name=\"your-subject\"><input size=\"40\" class=\"wpcf7-form-control wpcf7-text wpcf7-validates-as-required\" aria-required=\"true\" aria-invalid=\"false\" value=\"\" type=\"text\" name=\"your-subject\" \/><\/span> <\/label>\n<\/p>\n<p><label> Va\u0161e zpr\u00e1va (voliteln\u00fd)<br \/>\n<span class=\"wpcf7-form-control-wrap\" data-name=\"your-message\"><textarea cols=\"40\" rows=\"10\" class=\"wpcf7-form-control wpcf7-textarea\" aria-invalid=\"false\" name=\"your-message\"><\/textarea><\/span> <\/label>\n<\/p>\n<p><input class=\"wpcf7-form-control wpcf7-submit has-spinner\" type=\"submit\" value=\"Odeslat\" \/>\n<\/p><p style=\"display: none !important;\" class=\"akismet-fields-container\" data-prefix=\"_wpcf7_ak_\"><label>&#916;<textarea name=\"_wpcf7_ak_hp_textarea\" cols=\"45\" rows=\"8\" maxlength=\"100\"><\/textarea><\/label><input type=\"hidden\" id=\"ak_js_1\" name=\"_wpcf7_ak_js\" value=\"250\"\/><script type=\"text\/javascript\">\ndocument.getElementById( \"ak_js_1\" ).setAttribute( \"value\", ( new Date() ).getTime() );\n<\/script>\n<\/p><div class=\"wpcf7-response-output\" aria-hidden=\"true\"><\/div>\n<\/form>\n<\/div>\n<\/div>\n\t\t\t\t<\/div>\n\t\t\t\t<\/div>\n\t\t\t\t\t\t<\/div>\n\t\t\t\t\t<\/div>\n\t\t<\/div>\n\t\t\t\t<div class=\"elementor-column elementor-col-25 elementor-top-column elementor-element elementor-element-03b1bc4\" data-id=\"03b1bc4\" data-element_type=\"column\">\n\t\t\t<div class=\"elementor-column-wrap\">\n\t\t\t\t\t\t\t<div class=\"elementor-widget-wrap\">\n\t\t\t\t\t\t\t\t<\/div>\n\t\t\t\t\t<\/div>\n\t\t<\/div>\n\t\t\t\t\t\t\t\t<\/div>\n\t\t\t\t\t<\/div>\n\t\t<\/section>\n\t\t\t\t<footer class=\"elementor-section elementor-top-section elementor-element elementor-element-7c1a960 elementor-section-boxed elementor-section-height-default elementor-section-height-default elementor-invisible\" data-id=\"7c1a960\" data-element_type=\"section\" id=\"o_nas\" data-settings=\"{&quot;background_background&quot;:&quot;classic&quot;,&quot;animation&quot;:&quot;fadeIn&quot;}\">\n\t\t\t\t\t\t<div class=\"elementor-container elementor-column-gap-default\">\n\t\t\t\t\t\t\t<div class=\"elementor-row\">\n\t\t\t\t\t<div class=\"elementor-column elementor-col-33 elementor-top-column elementor-element elementor-element-d778b3a\" data-id=\"d778b3a\" data-element_type=\"column\">\n\t\t\t<div class=\"elementor-column-wrap elementor-element-populated\">\n\t\t\t\t\t\t\t<div class=\"elementor-widget-wrap\">\n\t\t\t\t\t\t<div class=\"elementor-element elementor-element-3562b46 elementor-widget elementor-widget-text-editor\" data-id=\"3562b46\" data-element_type=\"widget\" data-widget_type=\"text-editor.default\">\n\t\t\t\t<div class=\"elementor-widget-container\">\n\t\t\t\t\t<div class=\"elementor-text-editor elementor-clearfix\"><p><span style=\"text-decoration: underline; color: #000000;\"><strong>FTD CONSULT spol. s r.o.<\/strong><\/span><\/p><p><span style=\"color: #000000;\">Mikul\u010dick\u00e1 1131\/2A, Slatina, 627 00 Brno<\/span><\/p><p><span style=\"color: #000000;\">I\u010cO: <strong>28294351<\/strong><\/span><\/p><p><span style=\"color: #000000;\">DI\u010c: <strong>CZ28294351<\/strong><\/span><\/p><p><em><span style=\"color: #000000;\">Zaps\u00e1no v obchodn\u00edm rejst\u0159\u00edku veden\u00e9ho Krajsk\u00fdm soudem v Brn\u011b, odd\u00edl C, vlo\u017eka 5924<\/span><\/em><\/p><\/div>\n\t\t\t\t<\/div>\n\t\t\t\t<\/div>\n\t\t\t\t\t\t<\/div>\n\t\t\t\t\t<\/div>\n\t\t<\/div>\n\t\t\t\t<div class=\"elementor-column elementor-col-33 elementor-top-column elementor-element elementor-element-4fe5c7c\" data-id=\"4fe5c7c\" data-element_type=\"column\">\n\t\t\t<div class=\"elementor-column-wrap elementor-element-populated\">\n\t\t\t\t\t\t\t<div class=\"elementor-widget-wrap\">\n\t\t\t\t\t\t<div class=\"elementor-element elementor-element-4c40e7c elementor-widget elementor-widget-text-editor\" data-id=\"4c40e7c\" data-element_type=\"widget\" data-widget_type=\"text-editor.default\">\n\t\t\t\t<div class=\"elementor-widget-container\">\n\t\t\t\t\t<div class=\"elementor-text-editor elementor-clearfix\"><p><span style=\"color: #000000;\">Bankovn\u00ed spojen\u00ed: Raiffeisen Bank<\/span><\/p><p><span style=\"color: #000000;\">\u010d. \u00fa\u010dtu: 2829435101 \/ 5500<\/span><\/p><\/div>\n\t\t\t\t<\/div>\n\t\t\t\t<\/div>\n\t\t\t\t\t\t<\/div>\n\t\t\t\t\t<\/div>\n\t\t<\/div>\n\t\t\t\t<div class=\"elementor-column elementor-col-33 elementor-top-column elementor-element elementor-element-19fb950\" data-id=\"19fb950\" data-element_type=\"column\">\n\t\t\t<div class=\"elementor-column-wrap elementor-element-populated\">\n\t\t\t\t\t\t\t<div class=\"elementor-widget-wrap\">\n\t\t\t\t\t\t<div class=\"elementor-element elementor-element-b6848e8 elementor-widget elementor-widget-text-editor\" data-id=\"b6848e8\" data-element_type=\"widget\" data-widget_type=\"text-editor.default\">\n\t\t\t\t<div class=\"elementor-widget-container\">\n\t\t\t\t\t<div class=\"elementor-text-editor elementor-clearfix\"><p><span style=\"color: #000000;\">Mgr. Vladim\u00edra Trnkov\u00e1<\/span><\/p><p><span style=\"color: #000000;\">Telefon: <span style=\"color: #000080;\"><a style=\"color: #000080;\" href=\"tel: +420 724 288 468\"><strong>+420 724 288 468<\/strong><\/a><\/span><\/span><\/p><p><span style=\"color: #000000;\">E-mail:<span style=\"color: #000080;\"><strong> <a style=\"color: #000080;\" href=\"mailto:trnkova@ftdconsult.cz\">trnkova@ftdconsult.cz<\/a><\/strong><\/span><\/span><\/p><\/div>\n\t\t\t\t<\/div>\n\t\t\t\t<\/div>\n\t\t\t\t\t\t<\/div>\n\t\t\t\t\t<\/div>\n\t\t<\/div>\n\t\t\t\t\t\t\t\t<\/div>\n\t\t\t\t\t<\/div>\n\t\t<\/footer>\n\t\t\t\t\t\t<\/div>\n\t\t\t\t\t\t<\/div>\n\t\t\t\t\t<\/div>\n\t\t","protected":false},"excerpt":{"rendered":"<p>ZPRACOV\u00c1N\u00cd \u00da\u010cETNICTV\u00cd\u00a0 Jsme profesion\u00e1lov\u00e9 a na\u0161i experti V\u00e1m odborn\u011b zpracuj\u00ed Va\u0161e \u00fa\u010detnictv\u00ed a mzdy. Na\u0161\u00edm c\u00edlem je pomoc klient\u016fm optimalizovat dan\u011b tak, aby neplatili v\u00edce&hellip;<\/p>\n","protected":false},"author":1,"featured_media":0,"parent":0,"menu_order":0,"comment_status":"closed","ping_status":"closed","template":"elementor_canvas","meta":[],"yst_prominent_words":[],"_links":{"self":[{"href":"https:\/\/www.ftdconsult.cz\/index.php\/wp-json\/wp\/v2\/pages\/11"}],"collection":[{"href":"https:\/\/www.ftdconsult.cz\/index.php\/wp-json\/wp\/v2\/pages"}],"about":[{"href":"https:\/\/www.ftdconsult.cz\/index.php\/wp-json\/wp\/v2\/types\/page"}],"author":[{"embeddable":true,"href":"https:\/\/www.ftdconsult.cz\/index.php\/wp-json\/wp\/v2\/users\/1"}],"replies":[{"embeddable":true,"href":"https:\/\/www.ftdconsult.cz\/index.php\/wp-json\/wp\/v2\/comments?post=11"}],"version-history":[{"count":64,"href":"https:\/\/www.ftdconsult.cz\/index.php\/wp-json\/wp\/v2\/pages\/11\/revisions"}],"predecessor-version":[{"id":114,"href":"https:\/\/www.ftdconsult.cz\/index.php\/wp-json\/wp\/v2\/pages\/11\/revisions\/114"}],"wp:attachment":[{"href":"https:\/\/www.ftdconsult.cz\/index.php\/wp-json\/wp\/v2\/media?parent=11"}],"wp:term":[{"taxonomy":"yst_prominent_words","embeddable":true,"href":"https:\/\/www.ftdconsult.cz\/index.php\/wp-json\/wp\/v2\/yst_prominent_words?post=11"}],"curies":[{"name":"wp","href":"https:\/\/api.w.org\/{rel}","templated":true}]}}